{"id":1597,"date":"2020-07-30T18:25:59","date_gmt":"2020-07-30T18:25:59","guid":{"rendered":"http:\/\/uusi.heinolankauppahallit.fi\/?page_id=1597"},"modified":"2020-09-01T12:15:50","modified_gmt":"2020-09-01T12:15:50","slug":"outlet","status":"publish","type":"page","link":"https:\/\/uusi.heinolankauppahallit.fi\/?page_id=1597","title":{"rendered":"Outlet"},"content":{"rendered":"\t\t<div data-elementor-type=\"wp-page\" data-elementor-id=\"1597\" class=\"elementor elementor-1597\" data-elementor-post-type=\"page\">\n\t\t\t\t\t\t<section class=\"elementor-section elementor-top-section elementor-element elementor-element-f8f0f03 elementor-section-boxed elementor-section-height-default elementor-section-height-default\" data-id=\"f8f0f03\" data-element_type=\"section\" data-e-type=\"section\" data-settings=\"{&quot;background_background&quot;:&quot;classic&quot;}\">\n\t\t\t\t\t\t\t<div class=\"elementor-background-overlay\"><\/div>\n\t\t\t\t\t\t\t<div class=\"elementor-container elementor-column-gap-no\">\n\t\t\t\t\t<div class=\"elementor-column elementor-col-100 elementor-top-column elementor-element elementor-element-dfc7800\" data-id=\"dfc7800\" data-element_type=\"column\" data-e-type=\"column\">\n\t\t\t<div class=\"elementor-widget-wrap elementor-element-populated\">\n\t\t\t\t\t\t<div class=\"elementor-element elementor-element-aa9caef elementor-widget elementor-widget-image\" data-id=\"aa9caef\" data-element_type=\"widget\" data-e-type=\"widget\" data-widget_type=\"image.default\">\n\t\t\t\t<div class=\"elementor-widget-container\">\n\t\t\t\t\t\t\t\t\t\t\t\t\t\t\t<img fetchpriority=\"high\" decoding=\"async\" width=\"768\" height=\"96\" src=\"https:\/\/uusi.heinolankauppahallit.fi\/wp-content\/uploads\/2020\/08\/HKHpelkka_teksti-768x96.png\" class=\"attachment-medium_large size-medium_large wp-image-1707\" alt=\"\" srcset=\"https:\/\/uusi.heinolankauppahallit.fi\/wp-content\/uploads\/2020\/08\/HKHpelkka_teksti-768x96.png 768w, https:\/\/uusi.heinolankauppahallit.fi\/wp-content\/uploads\/2020\/08\/HKHpelkka_teksti-300x38.png 300w, https:\/\/uusi.heinolankauppahallit.fi\/wp-content\/uploads\/2020\/08\/HKHpelkka_teksti-1024x128.png 1024w, https:\/\/uusi.heinolankauppahallit.fi\/wp-content\/uploads\/2020\/08\/HKHpelkka_teksti.png 1254w\" sizes=\"(max-width: 768px) 100vw, 768px\" \/>\t\t\t\t\t\t\t\t\t\t\t\t\t\t\t<\/div>\n\t\t\t\t<\/div>\n\t\t\t\t<div class=\"elementor-element elementor-element-1740a26 elementor-widget elementor-widget-heading\" data-id=\"1740a26\" data-element_type=\"widget\" data-e-type=\"widget\" data-widget_type=\"heading.default\">\n\t\t\t\t<div class=\"elementor-widget-container\">\n\t\t\t\t\t<h1 class=\"elementor-heading-title elementor-size-default\">se erilainen Outlet<\/h1>\t\t\t\t<\/div>\n\t\t\t\t<\/div>\n\t\t\t\t<div class=\"elementor-element elementor-element-2371f9d elementor-widget elementor-widget-text-editor\" data-id=\"2371f9d\" data-element_type=\"widget\" data-e-type=\"widget\" data-widget_type=\"text-editor.default\">\n\t\t\t\t<div class=\"elementor-widget-container\">\n\t\t\t\t\t\t\t\t\t<p>Outletin tuotteet ovat aina uusia ja niille saat kaupantekij\u00e4isiksi my\u00f6s takuukuitin!<\/p>\t\t\t\t\t\t\t\t<\/div>\n\t\t\t\t<\/div>\n\t\t\t\t\t<\/div>\n\t\t<\/div>\n\t\t\t\t\t<\/div>\n\t\t<\/section>\n\t\t\t\t<section class=\"elementor-section elementor-top-section elementor-element elementor-element-0d85b2f elementor-section-boxed elementor-section-height-default elementor-section-height-default\" data-id=\"0d85b2f\" data-element_type=\"section\" data-e-type=\"section\" data-settings=\"{&quot;background_background&quot;:&quot;classic&quot;}\">\n\t\t\t\t\t\t<div class=\"elementor-container elementor-column-gap-no\">\n\t\t\t\t\t<div class=\"elementor-column elementor-col-100 elementor-top-column elementor-element elementor-element-21e3ec1\" data-id=\"21e3ec1\" data-element_type=\"column\" data-e-type=\"column\">\n\t\t\t<div class=\"elementor-widget-wrap elementor-element-populated\">\n\t\t\t\t\t\t<div class=\"elementor-element elementor-element-282da40 elementor-widget elementor-widget-heading\" data-id=\"282da40\" data-element_type=\"widget\" data-e-type=\"widget\" data-widget_type=\"heading.default\">\n\t\t\t\t<div class=\"elementor-widget-container\">\n\t\t\t\t\t<h2 class=\"elementor-heading-title elementor-size-default\">Outlet-aarteita joka makuun ja l\u00e4ht\u00f6\u00f6n!<\/h2>\t\t\t\t<\/div>\n\t\t\t\t<\/div>\n\t\t\t\t<div class=\"elementor-element elementor-element-e67a27d elementor-widget elementor-widget-text-editor\" data-id=\"e67a27d\" data-element_type=\"widget\" data-e-type=\"widget\" data-widget_type=\"text-editor.default\">\n\t\t\t\t<div class=\"elementor-widget-container\">\n\t\t\t\t\t\t\t\t\t<p>Outletin tuotteet ovat aina uutta ja ehtaa, ja my\u00f6nn\u00e4mmekin niille takuun. T\u00e4\u00e4lt\u00e4 l\u00f6yd\u00e4t mm. Disneyn tuotteita ja Atexin ty\u00f6vaatteita. Hyllyt notkuvat elektroniikkaa, armeijatavaraa- ja vaatetusta, kalastustarvikkeita, valaisimia sek\u00e4 huonekaluja, ty\u00f6kaluja, vaatteita ja kenki\u00e4 sek\u00e4 paljon paljon muuta.&nbsp;<\/p>\n<p><\/p>\n<p>Erikoisuutena mm. suosittuja Marjexin mehu- ja marjatuotteita, runsaasti makeisia sek\u00e4 Black &amp; White ja Weird Recordsin LP-levyj\u00e4 yli 12000 kappaletta!<\/p>\n<p>Urheiluv\u00e4lineet ovat saaneet oman pyh\u00e4tt\u00f6ns\u00e4 meilt\u00e4. Sesongin mukaan p\u00e4ivittyvi\u00e4 sporttiv\u00e4lineit\u00e4 ja -varusteita on runsaasti moneen lajiin ja harrastukseen!<\/p>\n<p><\/p>\t\t\t\t\t\t\t\t<\/div>\n\t\t\t\t<\/div>\n\t\t\t\t\t<\/div>\n\t\t<\/div>\n\t\t\t\t\t<\/div>\n\t\t<\/section>\n\t\t\t\t<section class=\"elementor-section elementor-top-section elementor-element elementor-element-9e371e1 elementor-section-boxed elementor-section-height-default elementor-section-height-default\" data-id=\"9e371e1\" data-element_type=\"section\" data-e-type=\"section\">\n\t\t\t\t\t\t<div class=\"elementor-container elementor-column-gap-default\">\n\t\t\t\t\t<div class=\"elementor-column elementor-col-100 elementor-top-column elementor-element elementor-element-7546d3b\" data-id=\"7546d3b\" data-element_type=\"column\" data-e-type=\"column\">\n\t\t\t<div class=\"elementor-widget-wrap elementor-element-populated\">\n\t\t\t\t\t\t<div class=\"elementor-element elementor-element-e104080 elementor-widget elementor-widget-spacer\" data-id=\"e104080\" data-element_type=\"widget\" data-e-type=\"widget\" data-widget_type=\"spacer.default\">\n\t\t\t\t<div class=\"elementor-widget-container\">\n\t\t\t\t\t\t\t<div class=\"elementor-spacer\">\n\t\t\t<div class=\"elementor-spacer-inner\"><\/div>\n\t\t<\/div>\n\t\t\t\t\t\t<\/div>\n\t\t\t\t<\/div>\n\t\t\t\t\t<\/div>\n\t\t<\/div>\n\t\t\t\t\t<\/div>\n\t\t<\/section>\n\t\t\t\t<section class=\"elementor-section elementor-top-section elementor-element elementor-element-19623de elementor-section-boxed elementor-section-height-default elementor-section-height-default\" data-id=\"19623de\" data-element_type=\"section\" data-e-type=\"section\">\n\t\t\t\t\t\t<div class=\"elementor-container elementor-column-gap-default\">\n\t\t\t\t\t<div class=\"elementor-column elementor-col-100 elementor-top-column elementor-element elementor-element-1150621\" data-id=\"1150621\" data-element_type=\"column\" data-e-type=\"column\">\n\t\t\t<div class=\"elementor-widget-wrap elementor-element-populated\">\n\t\t\t\t\t\t<div class=\"elementor-element elementor-element-698daea elementor-widget elementor-widget-gallery\" data-id=\"698daea\" data-element_type=\"widget\" data-e-type=\"widget\" data-settings=\"{&quot;columns&quot;:3,&quot;lazyload&quot;:&quot;yes&quot;,&quot;gallery_layout&quot;:&quot;grid&quot;,&quot;columns_tablet&quot;:2,&quot;columns_mobile&quot;:1,&quot;gap&quot;:{&quot;unit&quot;:&quot;px&quot;,&quot;size&quot;:10,&quot;sizes&quot;:[]},&quot;gap_tablet&quot;:{&quot;unit&quot;:&quot;px&quot;,&quot;size&quot;:10,&quot;sizes&quot;:[]},&quot;gap_mobile&quot;:{&quot;unit&quot;:&quot;px&quot;,&quot;size&quot;:10,&quot;sizes&quot;:[]},&quot;link_to&quot;:&quot;file&quot;,&quot;aspect_ratio&quot;:&quot;3:2&quot;,&quot;overlay_background&quot;:&quot;yes&quot;,&quot;content_hover_animation&quot;:&quot;fade-in&quot;}\" data-widget_type=\"gallery.default\">\n\t\t\t\t<div class=\"elementor-widget-container\">\n\t\t\t\t\t\t\t<div class=\"elementor-gallery__container\">\n\t\t\t\t\t\t\t<a class=\"e-gallery-item elementor-gallery-item elementor-animated-content\" href=\"https:\/\/uusi.heinolankauppahallit.fi\/wp-content\/uploads\/2020\/08\/Heinolan-Kauppahalli-kirppari-outlet-kirpputori_vaatteet-muoti.jpg\" data-elementor-open-lightbox=\"yes\" data-elementor-lightbox-slideshow=\"698daea\" data-elementor-lightbox-title=\"Heinolan Kauppahalli kirppari outlet kirpputori_vaatteet muoti\" data-e-action-hash=\"#elementor-action%3Aaction%3Dlightbox%26settings%3DeyJpZCI6MTY5NCwidXJsIjoiaHR0cHM6XC9cL3V1c2kuaGVpbm9sYW5rYXVwcGFoYWxsaXQuZmlcL3dwLWNvbnRlbnRcL3VwbG9hZHNcLzIwMjBcLzA4XC9IZWlub2xhbi1LYXVwcGFoYWxsaS1raXJwcGFyaS1vdXRsZXQta2lycHB1dG9yaV92YWF0dGVldC1tdW90aS5qcGciLCJzbGlkZXNob3ciOiI2OThkYWVhIn0%3D\">\n\t\t\t\t\t<div class=\"e-gallery-image elementor-gallery-item__image\" data-thumbnail=\"https:\/\/uusi.heinolankauppahallit.fi\/wp-content\/uploads\/2020\/08\/Heinolan-Kauppahalli-kirppari-outlet-kirpputori_vaatteet-muoti-1024x576.jpg\" data-width=\"1024\" data-height=\"576\" aria-label=\"\" role=\"img\" ><\/div>\n\t\t\t\t\t\t\t\t\t\t\t<div class=\"elementor-gallery-item__overlay\"><\/div>\n\t\t\t\t\t\t\t\t\t\t\t\t\t\t<\/a>\n\t\t\t\t\t\t\t<a class=\"e-gallery-item elementor-gallery-item elementor-animated-content\" href=\"https:\/\/uusi.heinolankauppahallit.fi\/wp-content\/uploads\/2020\/08\/Heinolan-Kauppahalli-kirppari-outlet-kirpputori_sisustustavaraa.jpg\" data-elementor-open-lightbox=\"yes\" data-elementor-lightbox-slideshow=\"698daea\" data-elementor-lightbox-title=\"Heinolan Kauppahalli kirppari outlet kirpputori_sisustustavaraa\" data-e-action-hash=\"#elementor-action%3Aaction%3Dlightbox%26settings%3DeyJpZCI6MTY5MiwidXJsIjoiaHR0cHM6XC9cL3V1c2kuaGVpbm9sYW5rYXVwcGFoYWxsaXQuZmlcL3dwLWNvbnRlbnRcL3VwbG9hZHNcLzIwMjBcLzA4XC9IZWlub2xhbi1LYXVwcGFoYWxsaS1raXJwcGFyaS1vdXRsZXQta2lycHB1dG9yaV9zaXN1c3R1c3RhdmFyYWEuanBnIiwic2xpZGVzaG93IjoiNjk4ZGFlYSJ9\">\n\t\t\t\t\t<div class=\"e-gallery-image elementor-gallery-item__image\" data-thumbnail=\"https:\/\/uusi.heinolankauppahallit.fi\/wp-content\/uploads\/2020\/08\/Heinolan-Kauppahalli-kirppari-outlet-kirpputori_sisustustavaraa-1024x576.jpg\" data-width=\"1024\" data-height=\"576\" aria-label=\"\" role=\"img\" ><\/div>\n\t\t\t\t\t\t\t\t\t\t\t<div class=\"elementor-gallery-item__overlay\"><\/div>\n\t\t\t\t\t\t\t\t\t\t\t\t\t\t<\/a>\n\t\t\t\t\t\t\t<a class=\"e-gallery-item elementor-gallery-item elementor-animated-content\" href=\"https:\/\/uusi.heinolankauppahallit.fi\/wp-content\/uploads\/2020\/08\/Heinolan-Kauppahalli-kirppari-outlet-kirpputori_outlet.jpg\" data-elementor-open-lightbox=\"yes\" data-elementor-lightbox-slideshow=\"698daea\" data-elementor-lightbox-title=\"Heinolan Kauppahalli kirppari outlet kirpputori_outlet\" data-e-action-hash=\"#elementor-action%3Aaction%3Dlightbox%26settings%3DeyJpZCI6MTY4OSwidXJsIjoiaHR0cHM6XC9cL3V1c2kuaGVpbm9sYW5rYXVwcGFoYWxsaXQuZmlcL3dwLWNvbnRlbnRcL3VwbG9hZHNcLzIwMjBcLzA4XC9IZWlub2xhbi1LYXVwcGFoYWxsaS1raXJwcGFyaS1vdXRsZXQta2lycHB1dG9yaV9vdXRsZXQuanBnIiwic2xpZGVzaG93IjoiNjk4ZGFlYSJ9\">\n\t\t\t\t\t<div class=\"e-gallery-image elementor-gallery-item__image\" data-thumbnail=\"https:\/\/uusi.heinolankauppahallit.fi\/wp-content\/uploads\/2020\/08\/Heinolan-Kauppahalli-kirppari-outlet-kirpputori_outlet-1024x576.jpg\" data-width=\"1024\" data-height=\"576\" aria-label=\"\" role=\"img\" ><\/div>\n\t\t\t\t\t\t\t\t\t\t\t<div class=\"elementor-gallery-item__overlay\"><\/div>\n\t\t\t\t\t\t\t\t\t\t\t\t\t\t<\/a>\n\t\t\t\t\t\t\t<a class=\"e-gallery-item elementor-gallery-item elementor-animated-content\" href=\"https:\/\/uusi.heinolankauppahallit.fi\/wp-content\/uploads\/2020\/08\/Heinolan-Kauppahalli-kirppari-outlet-kirpputori_rekvisiittaa.jpg\" data-elementor-open-lightbox=\"yes\" data-elementor-lightbox-slideshow=\"698daea\" data-elementor-lightbox-title=\"Heinolan Kauppahalli kirppari outlet kirpputori_rekvisiittaa\" data-e-action-hash=\"#elementor-action%3Aaction%3Dlightbox%26settings%3DeyJpZCI6MTY5MCwidXJsIjoiaHR0cHM6XC9cL3V1c2kuaGVpbm9sYW5rYXVwcGFoYWxsaXQuZmlcL3dwLWNvbnRlbnRcL3VwbG9hZHNcLzIwMjBcLzA4XC9IZWlub2xhbi1LYXVwcGFoYWxsaS1raXJwcGFyaS1vdXRsZXQta2lycHB1dG9yaV9yZWt2aXNpaXR0YWEuanBnIiwic2xpZGVzaG93IjoiNjk4ZGFlYSJ9\">\n\t\t\t\t\t<div class=\"e-gallery-image elementor-gallery-item__image\" data-thumbnail=\"https:\/\/uusi.heinolankauppahallit.fi\/wp-content\/uploads\/2020\/08\/Heinolan-Kauppahalli-kirppari-outlet-kirpputori_rekvisiittaa-1024x576.jpg\" data-width=\"1024\" data-height=\"576\" aria-label=\"\" role=\"img\" ><\/div>\n\t\t\t\t\t\t\t\t\t\t\t<div class=\"elementor-gallery-item__overlay\"><\/div>\n\t\t\t\t\t\t\t\t\t\t\t\t\t\t<\/a>\n\t\t\t\t\t\t\t<a class=\"e-gallery-item elementor-gallery-item elementor-animated-content\" href=\"https:\/\/uusi.heinolankauppahallit.fi\/wp-content\/uploads\/2020\/08\/Heinolan-Kauppahalli-kirppari-outlet-kirpputori_kyltit.jpg\" data-elementor-open-lightbox=\"yes\" data-elementor-lightbox-slideshow=\"698daea\" data-elementor-lightbox-title=\"Heinolan Kauppahalli kirppari outlet kirpputori_kyltit\" data-e-action-hash=\"#elementor-action%3Aaction%3Dlightbox%26settings%3DeyJpZCI6MTY4NiwidXJsIjoiaHR0cHM6XC9cL3V1c2kuaGVpbm9sYW5rYXVwcGFoYWxsaXQuZmlcL3dwLWNvbnRlbnRcL3VwbG9hZHNcLzIwMjBcLzA4XC9IZWlub2xhbi1LYXVwcGFoYWxsaS1raXJwcGFyaS1vdXRsZXQta2lycHB1dG9yaV9reWx0aXQuanBnIiwic2xpZGVzaG93IjoiNjk4ZGFlYSJ9\">\n\t\t\t\t\t<div class=\"e-gallery-image elementor-gallery-item__image\" data-thumbnail=\"https:\/\/uusi.heinolankauppahallit.fi\/wp-content\/uploads\/2020\/08\/Heinolan-Kauppahalli-kirppari-outlet-kirpputori_kyltit-1024x576.jpg\" data-width=\"1024\" data-height=\"576\" aria-label=\"\" role=\"img\" ><\/div>\n\t\t\t\t\t\t\t\t\t\t\t<div class=\"elementor-gallery-item__overlay\"><\/div>\n\t\t\t\t\t\t\t\t\t\t\t\t\t\t<\/a>\n\t\t\t\t\t\t\t<a class=\"e-gallery-item elementor-gallery-item elementor-animated-content\" href=\"https:\/\/uusi.heinolankauppahallit.fi\/wp-content\/uploads\/2020\/08\/Heinolan-Kauppahalli-kirppari-outlet-kirpputori_vaatteet.jpg\" data-elementor-open-lightbox=\"yes\" data-elementor-lightbox-slideshow=\"698daea\" data-elementor-lightbox-title=\"Heinolan Kauppahalli kirppari outlet kirpputori_vaatteet\" data-e-action-hash=\"#elementor-action%3Aaction%3Dlightbox%26settings%3DeyJpZCI6MTY5NSwidXJsIjoiaHR0cHM6XC9cL3V1c2kuaGVpbm9sYW5rYXVwcGFoYWxsaXQuZmlcL3dwLWNvbnRlbnRcL3VwbG9hZHNcLzIwMjBcLzA4XC9IZWlub2xhbi1LYXVwcGFoYWxsaS1raXJwcGFyaS1vdXRsZXQta2lycHB1dG9yaV92YWF0dGVldC5qcGciLCJzbGlkZXNob3ciOiI2OThkYWVhIn0%3D\">\n\t\t\t\t\t<div class=\"e-gallery-image elementor-gallery-item__image\" data-thumbnail=\"https:\/\/uusi.heinolankauppahallit.fi\/wp-content\/uploads\/2020\/08\/Heinolan-Kauppahalli-kirppari-outlet-kirpputori_vaatteet-1024x576.jpg\" data-width=\"1024\" data-height=\"576\" aria-label=\"\" role=\"img\" ><\/div>\n\t\t\t\t\t\t\t\t\t\t\t<div class=\"elementor-gallery-item__overlay\"><\/div>\n\t\t\t\t\t\t\t\t\t\t\t\t\t\t<\/a>\n\t\t\t\t\t<\/div>\n\t\t\t\t\t<\/div>\n\t\t\t\t<\/div>\n\t\t\t\t\t<\/div>\n\t\t<\/div>\n\t\t\t\t\t<\/div>\n\t\t<\/section>\n\t\t\t\t<section class=\"elementor-section elementor-top-section elementor-element elementor-element-520eadcd elementor-section-content-middle elementor-section-boxed elementor-section-height-default elementor-section-height-default\" data-id=\"520eadcd\" data-element_type=\"section\" data-e-type=\"section\">\n\t\t\t\t\t\t<div class=\"elementor-container elementor-column-gap-no\">\n\t\t\t\t\t<div class=\"elementor-column elementor-col-100 elementor-top-column elementor-element elementor-element-16e7be65\" data-id=\"16e7be65\" data-element_type=\"column\" data-e-type=\"column\">\n\t\t\t<div class=\"elementor-widget-wrap elementor-element-populated\">\n\t\t\t\t\t\t<div class=\"elementor-element elementor-element-37a0b05 elementor-widget elementor-widget-heading\" data-id=\"37a0b05\" data-element_type=\"widget\" data-e-type=\"widget\" data-widget_type=\"heading.default\">\n\t\t\t\t<div class=\"elementor-widget-container\">\n\t\t\t\t\t<h4 class=\"elementor-heading-title elementor-size-default\">Onko sinulla kiinnostava tuote meille myyt\u00e4v\u00e4ksi?<\/h4>\t\t\t\t<\/div>\n\t\t\t\t<\/div>\n\t\t\t\t<div class=\"elementor-element elementor-element-71fbae94 elementor-widget elementor-widget-text-editor\" data-id=\"71fbae94\" data-element_type=\"widget\" data-e-type=\"widget\" data-widget_type=\"text-editor.default\">\n\t\t\t\t<div class=\"elementor-widget-container\">\n\t\t\t\t\t\t\t\t\t<p>Olemme kiinnostuneita ottamaan myyntiin, niin arjen tarpeellisia sopuhintaisia tuotteita, kuin uniikkeja erikoisuuksiakin. Jos olet maahantuoja tai esim. paikallinen tai kotimainen valmistaja tai tuottaja, ota rohkeasti yhteytt\u00e4 Harriin!\u00a0<\/p><p>S\u00e4hk\u00f6posti: <a href=\"mailto:harri@heinolankauppahallit.fi\">harri@heinolankauppahallit.fi<\/a><\/p>\t\t\t\t\t\t\t\t<\/div>\n\t\t\t\t<\/div>\n\t\t\t\t\t<\/div>\n\t\t<\/div>\n\t\t\t\t\t<\/div>\n\t\t<\/section>\n\t\t\t\t<\/div>\n\t\t","protected":false},"excerpt":{"rendered":"<p>se erilainen Outlet Outletin tuotteet ovat aina uusia ja niille saat kaupantekij\u00e4isiksi my\u00f6s takuukuitin! Outlet-aarteita joka makuun ja l\u00e4ht\u00f6\u00f6n! Outletin tuotteet ovat aina uutta ja ehtaa, ja my\u00f6nn\u00e4mmekin niille takuun. T\u00e4\u00e4lt\u00e4 l\u00f6yd\u00e4t mm. Disneyn tuotteita ja Atexin ty\u00f6vaatteita. Hyllyt notkuvat elektroniikkaa, armeijatavaraa- ja vaatetusta, kalastustarvikkeita, valaisimia sek\u00e4 huonekaluja, ty\u00f6kaluja, vaatteita ja kenki\u00e4 sek\u00e4 paljon paljon [&hellip;]<\/p>\n","protected":false},"author":1,"featured_media":0,"parent":0,"menu_order":0,"comment_status":"closed","ping_status":"closed","template":"","meta":{"site-sidebar-layout":"no-sidebar","site-content-layout":"page-builder","ast-site-content-layout":"default","site-content-style":"default","site-sidebar-style":"default","ast-global-header-display":"","ast-banner-title-visibility":"","ast-main-header-display":"","ast-hfb-above-header-display":"","ast-hfb-below-header-display":"","ast-hfb-mobile-header-display":"","site-post-title":"disabled","ast-breadcrumbs-content":"disabled","ast-featured-img":"disabled","footer-sml-layout":"disabled","ast-disable-related-posts":"","theme-transparent-header-meta":"enabled","adv-header-id-meta":"","stick-header-meta":"default","header-above-stick-meta":"","header-main-stick-meta":"","header-below-stick-meta":"","astra-migrate-meta-layouts":"default","ast-page-background-enabled":"default","ast-page-background-meta":{"desktop":{"background-color":"","background-image":"","background-repeat":"repeat","background-position":"center center","background-size":"auto","background-attachment":"scroll","background-type":"","background-media":"","overlay-type":"","overlay-color":"","overlay-opacity":"","overlay-gradient":""},"tablet":{"background-color":"","background-image":"","background-repeat":"repeat","background-position":"center center","background-size":"auto","background-attachment":"scroll","background-type":"","background-media":"","overlay-type":"","overlay-color":"","overlay-opacity":"","overlay-gradient":""},"mobile":{"background-color":"","background-image":"","background-repeat":"repeat","background-position":"center center","background-size":"auto","background-attachment":"scroll","background-type":"","background-media":"","overlay-type":"","overlay-color":"","overlay-opacity":"","overlay-gradient":""}},"ast-content-background-meta":{"desktop":{"background-color":"var(--ast-global-color-5)","background-image":"","background-repeat":"repeat","background-position":"center center","background-size":"auto","background-attachment":"scroll","background-type":"","background-media":"","overlay-type":"","overlay-color":"","overlay-opacity":"","overlay-gradient":""},"tablet":{"background-color":"var(--ast-global-color-5)","background-image":"","background-repeat":"repeat","background-position":"center center","background-size":"auto","background-attachment":"scroll","background-type":"","background-media":"","overlay-type":"","overlay-color":"","overlay-opacity":"","overlay-gradient":""},"mobile":{"background-color":"var(--ast-global-color-5)","background-image":"","background-repeat":"repeat","background-position":"center center","background-size":"auto","background-attachment":"scroll","background-type":"","background-media":"","overlay-type":"","overlay-color":"","overlay-opacity":"","overlay-gradient":""}},"footnotes":""},"class_list":["post-1597","page","type-page","status-publish","hentry"],"_links":{"self":[{"href":"https:\/\/uusi.heinolankauppahallit.fi\/index.php?rest_route=\/wp\/v2\/pages\/1597","targetHints":{"allow":["GET"]}}],"collection":[{"href":"https:\/\/uusi.heinolankauppahallit.fi\/index.php?rest_route=\/wp\/v2\/pages"}],"about":[{"href":"https:\/\/uusi.heinolankauppahallit.fi\/index.php?rest_route=\/wp\/v2\/types\/page"}],"author":[{"embeddable":true,"href":"https:\/\/uusi.heinolankauppahallit.fi\/index.php?rest_route=\/wp\/v2\/users\/1"}],"replies":[{"embeddable":true,"href":"https:\/\/uusi.heinolankauppahallit.fi\/index.php?rest_route=%2Fwp%2Fv2%2Fcomments&post=1597"}],"version-history":[{"count":25,"href":"https:\/\/uusi.heinolankauppahallit.fi\/index.php?rest_route=\/wp\/v2\/pages\/1597\/revisions"}],"predecessor-version":[{"id":1819,"href":"https:\/\/uusi.heinolankauppahallit.fi\/index.php?rest_route=\/wp\/v2\/pages\/1597\/revisions\/1819"}],"wp:attachment":[{"href":"https:\/\/uusi.heinolankauppahallit.fi\/index.php?rest_route=%2Fwp%2Fv2%2Fmedia&parent=1597"}],"curies":[{"name":"wp","href":"https:\/\/api.w.org\/{rel}","templated":true}]}}