{"id":1497,"date":"2020-01-28T15:03:16","date_gmt":"2020-01-28T15:03:16","guid":{"rendered":"http:\/\/uusi.heinolankauppahallit.fi\/?page_id=1497"},"modified":"2022-04-19T10:16:10","modified_gmt":"2022-04-19T10:16:10","slug":"home-2","status":"publish","type":"page","link":"https:\/\/uusi.heinolankauppahallit.fi\/","title":{"rendered":"Etusivu"},"content":{"rendered":"\t\t<div data-elementor-type=\"wp-page\" data-elementor-id=\"1497\" class=\"elementor elementor-1497\" data-elementor-post-type=\"page\">\n\t\t\t\t\t\t<section class=\"elementor-section elementor-top-section elementor-element elementor-element-f902204 elementor-section-height-min-height elementor-section-boxed elementor-section-height-default elementor-section-items-middle\" data-id=\"f902204\" data-element_type=\"section\" data-e-type=\"section\" data-settings=\"{&quot;background_background&quot;:&quot;classic&quot;}\">\n\t\t\t\t\t\t\t<div class=\"elementor-background-overlay\"><\/div>\n\t\t\t\t\t\t\t<div class=\"elementor-container elementor-column-gap-no\">\n\t\t\t\t\t<div class=\"elementor-column elementor-col-100 elementor-top-column elementor-element elementor-element-7144807\" data-id=\"7144807\" data-element_type=\"column\" data-e-type=\"column\">\n\t\t\t<div class=\"elementor-widget-wrap elementor-element-populated\">\n\t\t\t\t\t\t<div class=\"elementor-element elementor-element-a43cb45 elementor-widget elementor-widget-image\" data-id=\"a43cb45\" data-element_type=\"widget\" data-e-type=\"widget\" data-widget_type=\"image.default\">\n\t\t\t\t<div class=\"elementor-widget-container\">\n\t\t\t\t\t\t\t\t\t\t\t\t\t\t\t<img decoding=\"async\" width=\"300\" height=\"38\" src=\"http:\/\/uusi.heinolankauppahallit.fi\/wp-content\/uploads\/2020\/08\/HKHpelkka_teksti-300x38.png\" class=\"attachment-medium size-medium wp-image-1707\" alt=\"\" srcset=\"http:\/\/uusi.heinolankauppahallit.fi\/wp-content\/uploads\/2020\/08\/HKHpelkka_teksti-300x38.png 300w, http:\/\/uusi.heinolankauppahallit.fi\/wp-content\/uploads\/2020\/08\/HKHpelkka_teksti-1024x128.png 1024w, http:\/\/uusi.heinolankauppahallit.fi\/wp-content\/uploads\/2020\/08\/HKHpelkka_teksti-768x96.png 768w, http:\/\/uusi.heinolankauppahallit.fi\/wp-content\/uploads\/2020\/08\/HKHpelkka_teksti.png 1254w\" sizes=\"(max-width: 300px) 100vw, 300px\" \/>\t\t\t\t\t\t\t\t\t\t\t\t\t\t\t<\/div>\n\t\t\t\t<\/div>\n\t\t\t\t<div class=\"elementor-element elementor-element-8826ce0 elementor-widget elementor-widget-heading\" data-id=\"8826ce0\" data-element_type=\"widget\" data-e-type=\"widget\" data-widget_type=\"heading.default\">\n\t\t\t\t<div class=\"elementor-widget-container\">\n\t\t\t\t\t<h4 class=\"elementor-heading-title elementor-size-medium\">Suomen suurin kirppis &amp; erilainen outlet<\/h4>\t\t\t\t<\/div>\n\t\t\t\t<\/div>\n\t\t\t\t<div class=\"elementor-element elementor-element-4cea224 elementor-widget elementor-widget-text-editor\" data-id=\"4cea224\" data-element_type=\"widget\" data-e-type=\"widget\" data-widget_type=\"text-editor.default\">\n\t\t\t\t<div class=\"elementor-widget-container\">\n\t\t\t\t\t\t\t\t\t<p>Avoinna MA\u2013PE 10\u201317, LA\u2013SU 10\u201315.<\/p><p>Kausantie 1, 18600, Myllyoja, Heinola.\u00a0<\/p><p>Pihassamme on runsaasti parkkitilaa.\u00a0<\/p>\t\t\t\t\t\t\t\t<\/div>\n\t\t\t\t<\/div>\n\t\t\t\t\t<\/div>\n\t\t<\/div>\n\t\t\t\t\t<\/div>\n\t\t<\/section>\n\t\t\t\t<section class=\"elementor-section elementor-top-section elementor-element elementor-element-e1814de elementor-section-boxed elementor-section-height-default elementor-section-height-default\" data-id=\"e1814de\" data-element_type=\"section\" data-e-type=\"section\">\n\t\t\t\t\t\t<div class=\"elementor-container elementor-column-gap-no\">\n\t\t\t\t\t<div class=\"elementor-column elementor-col-100 elementor-top-column elementor-element elementor-element-868fcee\" data-id=\"868fcee\" data-element_type=\"column\" data-e-type=\"column\" data-settings=\"{&quot;background_background&quot;:&quot;classic&quot;}\">\n\t\t\t<div class=\"elementor-widget-wrap elementor-element-populated\">\n\t\t\t\t\t\t<div class=\"elementor-element elementor-element-af53ddc elementor-widget elementor-widget-heading\" data-id=\"af53ddc\" data-element_type=\"widget\" data-e-type=\"widget\" data-widget_type=\"heading.default\">\n\t\t\t\t<div class=\"elementor-widget-container\">\n\t\t\t\t\t<h2 class=\"elementor-heading-title elementor-size-default\">ostajan ja myyj\u00e4n mahtava<br>kauppaparatiisi!<\/h2>\t\t\t\t<\/div>\n\t\t\t\t<\/div>\n\t\t\t\t<div class=\"elementor-element elementor-element-49038c5 elementor-widget elementor-widget-heading\" data-id=\"49038c5\" data-element_type=\"widget\" data-e-type=\"widget\" data-widget_type=\"heading.default\">\n\t\t\t\t<div class=\"elementor-widget-container\">\n\t\t\t\t\t<h6 class=\"elementor-heading-title elementor-size-default\">Se mit\u00e4 ei t\u00e4\u00e4lt\u00e4 l\u00f6ydy, sit\u00e4 ei ihminen tarvitse?<\/h6>\t\t\t\t<\/div>\n\t\t\t\t<\/div>\n\t\t\t\t<div class=\"elementor-element elementor-element-b22b395 elementor-widget elementor-widget-text-editor\" data-id=\"b22b395\" data-element_type=\"widget\" data-e-type=\"widget\" data-widget_type=\"text-editor.default\">\n\t\t\t\t<div class=\"elementor-widget-container\">\n\t\t\t\t\t\t\t\t\t<p>Heinolan Kauppahallien 4300 m2 on t\u00e4ynn\u00e4 sek\u00e4 uutta ett\u00e4 vanhaa tavaraa laidasta laitaan. T\u00e4m\u00e4n katon alta l\u00f6yd\u00e4t kaiken tarpeellisen sek\u00e4 paljon paljon muuta, ja aina sopuhintaan!\u00a0<\/p><p>Meill\u00e4 on omat erikoisosastot mm. urheiluvarusteille, kalastukselle, antiikille, todella oudolle antiikille, k\u00e4sit\u00f6ille, marjex-tuotteille, sarjakuville, LP-levyille, Atexin ty\u00f6vaatteille ja taloustavaroille. Ja aina voit yll\u00e4tt\u00e4\u00e4 itsesi vilkaisemalla mit\u00e4 &#8221;kaikkea kivaa&#8221; pit\u00e4\u00e4 sis\u00e4ll\u00e4\u00e4n!\u00a0<\/p><p>Kurkkaa videolta millainen runsauden maailma Kauppahallien kattojen alle k\u00e4tkeytyy!\u00a0<\/p>\t\t\t\t\t\t\t\t<\/div>\n\t\t\t\t<\/div>\n\t\t\t\t\t<\/div>\n\t\t<\/div>\n\t\t\t\t\t<\/div>\n\t\t<\/section>\n\t\t\t\t<section class=\"elementor-section elementor-top-section elementor-element elementor-element-216fd64 elementor-section-full_width elementor-section-height-default elementor-section-height-default\" data-id=\"216fd64\" data-element_type=\"section\" data-e-type=\"section\">\n\t\t\t\t\t\t<div class=\"elementor-container elementor-column-gap-no\">\n\t\t\t\t\t<div class=\"elementor-column elementor-col-100 elementor-top-column elementor-element elementor-element-f4c544e\" data-id=\"f4c544e\" data-element_type=\"column\" data-e-type=\"column\">\n\t\t\t<div class=\"elementor-widget-wrap elementor-element-populated\">\n\t\t\t\t\t\t<div class=\"elementor-element elementor-element-9a844a7 elementor-widget elementor-widget-video\" data-id=\"9a844a7\" data-element_type=\"widget\" data-e-type=\"widget\" data-settings=\"{&quot;youtube_url&quot;:&quot;https:\\\/\\\/www.youtube.com\\\/watch?v=RNsydIL3z9s&amp;feature=emb_logo&quot;,&quot;start&quot;:1,&quot;video_type&quot;:&quot;youtube&quot;,&quot;controls&quot;:&quot;yes&quot;}\" data-widget_type=\"video.default\">\n\t\t\t\t<div class=\"elementor-widget-container\">\n\t\t\t\t\t\t\t<div class=\"elementor-wrapper elementor-open-inline\">\n\t\t\t<div class=\"elementor-video\"><\/div>\t\t<\/div>\n\t\t\t\t\t\t<\/div>\n\t\t\t\t<\/div>\n\t\t\t\t\t<\/div>\n\t\t<\/div>\n\t\t\t\t\t<\/div>\n\t\t<\/section>\n\t\t\t\t<section class=\"elementor-section elementor-top-section elementor-element elementor-element-9abf20e elementor-section-boxed elementor-section-height-default elementor-section-height-default\" data-id=\"9abf20e\" data-element_type=\"section\" data-e-type=\"section\">\n\t\t\t\t\t\t<div class=\"elementor-container elementor-column-gap-default\">\n\t\t\t\t\t<div class=\"elementor-column elementor-col-100 elementor-top-column elementor-element elementor-element-847153e\" data-id=\"847153e\" data-element_type=\"column\" data-e-type=\"column\">\n\t\t\t<div class=\"elementor-widget-wrap elementor-element-populated\">\n\t\t\t\t\t\t<div class=\"elementor-element elementor-element-2835503 elementor-widget elementor-widget-spacer\" data-id=\"2835503\" data-element_type=\"widget\" data-e-type=\"widget\" data-widget_type=\"spacer.default\">\n\t\t\t\t<div class=\"elementor-widget-container\">\n\t\t\t\t\t\t\t<div class=\"elementor-spacer\">\n\t\t\t<div class=\"elementor-spacer-inner\"><\/div>\n\t\t<\/div>\n\t\t\t\t\t\t<\/div>\n\t\t\t\t<\/div>\n\t\t\t\t\t<\/div>\n\t\t<\/div>\n\t\t\t\t\t<\/div>\n\t\t<\/section>\n\t\t\t\t<section class=\"elementor-section elementor-top-section elementor-element elementor-element-83a6df3 elementor-section-boxed elementor-section-height-default elementor-section-height-default\" data-id=\"83a6df3\" data-element_type=\"section\" data-e-type=\"section\">\n\t\t\t\t\t\t<div class=\"elementor-container elementor-column-gap-default\">\n\t\t\t\t\t<div class=\"elementor-column elementor-col-100 elementor-top-column elementor-element elementor-element-639aafa\" data-id=\"639aafa\" data-element_type=\"column\" data-e-type=\"column\">\n\t\t\t<div class=\"elementor-widget-wrap elementor-element-populated\">\n\t\t\t\t\t\t<div class=\"elementor-element elementor-element-7d7199c elementor-widget elementor-widget-heading\" data-id=\"7d7199c\" data-element_type=\"widget\" data-e-type=\"widget\" data-widget_type=\"heading.default\">\n\t\t\t\t<div class=\"elementor-widget-container\">\n\t\t\t\t\t<h3 class=\"elementor-heading-title elementor-size-default\">Kauppahallin pohjakartta<br><\/h3>\t\t\t\t<\/div>\n\t\t\t\t<\/div>\n\t\t\t\t<div class=\"elementor-element elementor-element-419c0cb elementor-widget elementor-widget-text-editor\" data-id=\"419c0cb\" data-element_type=\"widget\" data-e-type=\"widget\" data-widget_type=\"text-editor.default\">\n\t\t\t\t<div class=\"elementor-widget-container\">\n\t\t\t\t\t\t\t\t\t<p>Vaikka kauppahalli onkin valtava markkinapaikka, l\u00f6ytyy kaikki loogisesti omalta paikaltaan.<\/p><p>Olet sitten etsim\u00e4ss\u00e4 nojatuolia, kumisaappaita, per\u00e4moottoria tai kaulinta, tied\u00e4t yhdell\u00e4 vilkaisulla minne p\u00e4in suunnistaa!\u00a0<\/p>\t\t\t\t\t\t\t\t<\/div>\n\t\t\t\t<\/div>\n\t\t\t\t\t<\/div>\n\t\t<\/div>\n\t\t\t\t\t<\/div>\n\t\t<\/section>\n\t\t\t\t<section class=\"elementor-section elementor-top-section elementor-element elementor-element-4a8e38d elementor-section-boxed elementor-section-height-default elementor-section-height-default\" data-id=\"4a8e38d\" data-element_type=\"section\" data-e-type=\"section\">\n\t\t\t\t\t\t<div class=\"elementor-container elementor-column-gap-default\">\n\t\t\t\t\t<div class=\"elementor-column elementor-col-100 elementor-top-column elementor-element elementor-element-7868110\" data-id=\"7868110\" data-element_type=\"column\" data-e-type=\"column\">\n\t\t\t<div class=\"elementor-widget-wrap elementor-element-populated\">\n\t\t\t\t\t\t<div class=\"elementor-element elementor-element-7d7b8d5 elementor-widget elementor-widget-image\" data-id=\"7d7b8d5\" data-element_type=\"widget\" data-e-type=\"widget\" data-widget_type=\"image.default\">\n\t\t\t\t<div class=\"elementor-widget-container\">\n\t\t\t\t\t\t\t\t\t\t\t\t\t\t\t<img fetchpriority=\"high\" decoding=\"async\" width=\"1024\" height=\"576\" src=\"http:\/\/uusi.heinolankauppahallit.fi\/wp-content\/uploads\/2020\/09\/Heinolan-Kauppahalli-kirppari-outlet-kirpputori_pohjakartta-1024x576.jpg\" class=\"attachment-large size-large wp-image-1760\" alt=\"\" srcset=\"http:\/\/uusi.heinolankauppahallit.fi\/wp-content\/uploads\/2020\/09\/Heinolan-Kauppahalli-kirppari-outlet-kirpputori_pohjakartta-1024x576.jpg 1024w, http:\/\/uusi.heinolankauppahallit.fi\/wp-content\/uploads\/2020\/09\/Heinolan-Kauppahalli-kirppari-outlet-kirpputori_pohjakartta-300x169.jpg 300w, http:\/\/uusi.heinolankauppahallit.fi\/wp-content\/uploads\/2020\/09\/Heinolan-Kauppahalli-kirppari-outlet-kirpputori_pohjakartta-768x432.jpg 768w, http:\/\/uusi.heinolankauppahallit.fi\/wp-content\/uploads\/2020\/09\/Heinolan-Kauppahalli-kirppari-outlet-kirpputori_pohjakartta-1536x864.jpg 1536w, http:\/\/uusi.heinolankauppahallit.fi\/wp-content\/uploads\/2020\/09\/Heinolan-Kauppahalli-kirppari-outlet-kirpputori_pohjakartta.jpg 1920w\" sizes=\"(max-width: 1024px) 100vw, 1024px\" \/>\t\t\t\t\t\t\t\t\t\t\t\t\t\t\t<\/div>\n\t\t\t\t<\/div>\n\t\t\t\t<div class=\"elementor-element elementor-element-ff678ce elementor-widget elementor-widget-spacer\" data-id=\"ff678ce\" data-element_type=\"widget\" data-e-type=\"widget\" data-widget_type=\"spacer.default\">\n\t\t\t\t<div class=\"elementor-widget-container\">\n\t\t\t\t\t\t\t<div class=\"elementor-spacer\">\n\t\t\t<div class=\"elementor-spacer-inner\"><\/div>\n\t\t<\/div>\n\t\t\t\t\t\t<\/div>\n\t\t\t\t<\/div>\n\t\t\t\t\t<\/div>\n\t\t<\/div>\n\t\t\t\t\t<\/div>\n\t\t<\/section>\n\t\t\t\t<\/div>\n\t\t","protected":false},"excerpt":{"rendered":"<p>Suomen suurin kirppis &amp; erilainen outlet Avoinna MA\u2013PE 10\u201317, LA\u2013SU 10\u201315. Kausantie 1, 18600, Myllyoja, Heinola.\u00a0 Pihassamme on runsaasti parkkitilaa.\u00a0 ostajan ja myyj\u00e4n mahtavakauppaparatiisi! Se mit\u00e4 ei t\u00e4\u00e4lt\u00e4 l\u00f6ydy, sit\u00e4 ei ihminen tarvitse? Heinolan Kauppahallien 4300 m2 on t\u00e4ynn\u00e4 sek\u00e4 uutta ett\u00e4 vanhaa tavaraa laidasta laitaan. T\u00e4m\u00e4n katon alta l\u00f6yd\u00e4t kaiken tarpeellisen sek\u00e4 paljon paljon [&hellip;]<\/p>\n","protected":false},"author":1,"featured_media":0,"parent":0,"menu_order":0,"comment_status":"closed","ping_status":"closed","template":"","meta":{"site-sidebar-layout":"no-sidebar","site-content-layout":"page-builder","ast-site-content-layout":"default","site-content-style":"default","site-sidebar-style":"default","ast-global-header-display":"","ast-banner-title-visibility":"","ast-main-header-display":"","ast-hfb-above-header-display":"","ast-hfb-below-header-display":"","ast-hfb-mobile-header-display":"","site-post-title":"disabled","ast-breadcrumbs-content":"disabled","ast-featured-img":"disabled","footer-sml-layout":"disabled","ast-disable-related-posts":"","theme-transparent-header-meta":"enabled","adv-header-id-meta":"","stick-header-meta":"default","header-above-stick-meta":"","header-main-stick-meta":"","header-below-stick-meta":"","astra-migrate-meta-layouts":"default","ast-page-background-enabled":"default","ast-page-background-meta":{"desktop":{"background-color":"","background-image":"","background-repeat":"repeat","background-position":"center center","background-size":"auto","background-attachment":"scroll","background-type":"","background-media":"","overlay-type":"","overlay-color":"","overlay-opacity":"","overlay-gradient":""},"tablet":{"background-color":"","background-image":"","background-repeat":"repeat","background-position":"center center","background-size":"auto","background-attachment":"scroll","background-type":"","background-media":"","overlay-type":"","overlay-color":"","overlay-opacity":"","overlay-gradient":""},"mobile":{"background-color":"","background-image":"","background-repeat":"repeat","background-position":"center center","background-size":"auto","background-attachment":"scroll","background-type":"","background-media":"","overlay-type":"","overlay-color":"","overlay-opacity":"","overlay-gradient":""}},"ast-content-background-meta":{"desktop":{"background-color":"var(--ast-global-color-5)","background-image":"","background-repeat":"repeat","background-position":"center center","background-size":"auto","background-attachment":"scroll","background-type":"","background-media":"","overlay-type":"","overlay-color":"","overlay-opacity":"","overlay-gradient":""},"tablet":{"background-color":"var(--ast-global-color-5)","background-image":"","background-repeat":"repeat","background-position":"center center","background-size":"auto","background-attachment":"scroll","background-type":"","background-media":"","overlay-type":"","overlay-color":"","overlay-opacity":"","overlay-gradient":""},"mobile":{"background-color":"var(--ast-global-color-5)","background-image":"","background-repeat":"repeat","background-position":"center center","background-size":"auto","background-attachment":"scroll","background-type":"","background-media":"","overlay-type":"","overlay-color":"","overlay-opacity":"","overlay-gradient":""}},"footnotes":""},"class_list":["post-1497","page","type-page","status-publish","hentry"],"_links":{"self":[{"href":"https:\/\/uusi.heinolankauppahallit.fi\/index.php?rest_route=\/wp\/v2\/pages\/1497","targetHints":{"allow":["GET"]}}],"collection":[{"href":"https:\/\/uusi.heinolankauppahallit.fi\/index.php?rest_route=\/wp\/v2\/pages"}],"about":[{"href":"https:\/\/uusi.heinolankauppahallit.fi\/index.php?rest_route=\/wp\/v2\/types\/page"}],"author":[{"embeddable":true,"href":"https:\/\/uusi.heinolankauppahallit.fi\/index.php?rest_route=\/wp\/v2\/users\/1"}],"replies":[{"embeddable":true,"href":"https:\/\/uusi.heinolankauppahallit.fi\/index.php?rest_route=%2Fwp%2Fv2%2Fcomments&post=1497"}],"version-history":[{"count":53,"href":"https:\/\/uusi.heinolankauppahallit.fi\/index.php?rest_route=\/wp\/v2\/pages\/1497\/revisions"}],"predecessor-version":[{"id":1828,"href":"https:\/\/uusi.heinolankauppahallit.fi\/index.php?rest_route=\/wp\/v2\/pages\/1497\/revisions\/1828"}],"wp:attachment":[{"href":"https:\/\/uusi.heinolankauppahallit.fi\/index.php?rest_route=%2Fwp%2Fv2%2Fmedia&parent=1497"}],"curies":[{"name":"wp","href":"https:\/\/api.w.org\/{rel}","templated":true}]}}